{"id":2444,"date":"2025-02-25T21:08:14","date_gmt":"2025-02-25T21:08:14","guid":{"rendered":"https:\/\/hotelago.it\/?page_id=2444"},"modified":"2025-02-25T22:05:10","modified_gmt":"2025-02-25T22:05:10","slug":"conferma-di-spedizione","status":"publish","type":"page","link":"https:\/\/hotelago.it\/ru\/conferma-di-spedizione\/","title":{"rendered":"Conferma di spedizione"},"content":{"rendered":"<div data-elementor-type=\"wp-page\" data-elementor-id=\"2444\" class=\"elementor elementor-2444\" data-elementor-post-type=\"page\">\n\t\t\t\t\t\t<section class=\"elementor-section elementor-top-section elementor-element elementor-element-616ed92b elementor-section-height-full elementor-section-boxed elementor-section-height-default elementor-section-items-middle\" data-id=\"616ed92b\" data-element_type=\"section\" data-e-type=\"section\" data-settings=\"{&quot;background_background&quot;:&quot;classic&quot;}\">\n\t\t\t\t\t\t\t<div class=\"elementor-background-overlay\"><\/div>\n\t\t\t\t\t\t\t<div class=\"elementor-container elementor-column-gap-default\">\n\t\t\t\t\t<div class=\"elementor-column elementor-col-50 elementor-top-column elementor-element elementor-element-17cb5465\" data-id=\"17cb5465\" data-element_type=\"column\" data-e-type=\"column\" data-settings=\"{&quot;background_background&quot;:&quot;classic&quot;}\">\n\t\t\t<div class=\"elementor-widget-wrap elementor-element-populated\">\n\t\t\t\t\t\t<div class=\"elementor-element elementor-element-65ba33d elementor-widget elementor-widget-spacer\" data-id=\"65ba33d\" data-element_type=\"widget\" data-e-type=\"widget\" data-widget_type=\"spacer.default\">\n\t\t\t\t<div class=\"elementor-widget-container\">\n\t\t\t\t\t\t\t<div class=\"elementor-spacer\">\n\t\t\t<div class=\"elementor-spacer-inner\"><\/div>\n\t\t<\/div>\n\t\t\t\t\t\t<\/div>\n\t\t\t\t<\/div>\n\t\t\t\t\t<\/div>\n\t\t<\/div>\n\t\t\t\t<div class=\"elementor-column elementor-col-50 elementor-top-column elementor-element elementor-element-22ece05a elementor-invisible\" data-id=\"22ece05a\" data-element_type=\"column\" data-e-type=\"column\" data-settings=\"{&quot;background_background&quot;:&quot;classic&quot;,&quot;animation&quot;:&quot;fadeInRight&quot;}\">\n\t\t\t<div class=\"elementor-widget-wrap elementor-element-populated\">\n\t\t\t\t\t\t<div class=\"elementor-element elementor-element-13687a3c animated-fast elementor-invisible elementor-widget elementor-widget-heading\" data-id=\"13687a3c\" data-element_type=\"widget\" data-e-type=\"widget\" data-settings=\"{&quot;_animation&quot;:&quot;fadeInDown&quot;,&quot;_animation_delay&quot;:200}\" data-widget_type=\"heading.default\">\n\t\t\t\t<div class=\"elementor-widget-container\">\n\t\t\t\t\t<h1 class=\"elementor-heading-title elementor-size-default\">\u0421\u043f\u0430\u0441\u0438\u0431\u043e, \u0447\u0442\u043e \u043e\u0431\u0440\u0430\u0442\u0438\u043b\u0438\u0441\u044c \u043a \u043d\u0430\u043c!<\/h1>\t\t\t\t<\/div>\n\t\t\t\t<\/div>\n\t\t\t\t<div class=\"elementor-element elementor-element-123b0405 animated-fast elementor-widget-divider--view-line elementor-invisible elementor-widget elementor-widget-divider\" data-id=\"123b0405\" data-element_type=\"widget\" data-e-type=\"widget\" data-settings=\"{&quot;_animation&quot;:&quot;fadeInRight&quot;,&quot;_animation_delay&quot;:300}\" data-widget_type=\"divider.default\">\n\t\t\t\t<div class=\"elementor-widget-container\">\n\t\t\t\t\t\t\t<div class=\"elementor-divider\">\n\t\t\t<span class=\"elementor-divider-separator\">\n\t\t\t\t\t\t<\/span>\n\t\t<\/div>\n\t\t\t\t\t\t<\/div>\n\t\t\t\t<\/div>\n\t\t\t\t<div class=\"elementor-element elementor-element-41b37500 animated-fast elementor-invisible elementor-widget elementor-widget-text-editor\" data-id=\"41b37500\" data-element_type=\"widget\" data-e-type=\"widget\" data-settings=\"{&quot;_animation&quot;:&quot;fadeInRight&quot;,&quot;_animation_delay&quot;:500}\" data-widget_type=\"text-editor.default\">\n\t\t\t\t<div class=\"elementor-widget-container\">\n\t\t\t\t\t\t\t\t\t<p data-start=\"77\" data-end=\"230\">\u0412\u0430\u0448\u0435 \u043f\u0438\u0441\u044c\u043c\u043e \u043f\u043e\u043b\u0443\u0447\u0435\u043d\u043e, \u0438 \u043d\u0430\u0448\u0430 \u043a\u043e\u043c\u0430\u043d\u0434\u0430 \u043e\u0442\u0432\u0435\u0442\u0438\u0442 \u043d\u0430 \u043d\u0435\u0433\u043e \u043a\u0430\u043a \u043c\u043e\u0436\u043d\u043e \u0441\u043a\u043e\u0440\u0435\u0435. \u0410 \u043f\u043e\u043a\u0430 \u0432\u044b \u043c\u043e\u0436\u0435\u0442\u0435 \u0438\u0437\u0443\u0447\u0438\u0442\u044c \u043d\u0430\u0448 \u0441\u0430\u0439\u0442, \u0447\u0442\u043e\u0431\u044b \u043e\u0437\u043d\u0430\u043a\u043e\u043c\u0438\u0442\u044c\u0441\u044f \u0441 \u043d\u0430\u0448\u0438\u043c\u0438 \u0443\u0441\u043b\u0443\u0433\u0430\u043c\u0438 \u0438 \u0432\u0441\u0435\u043c\u0438 \u043d\u043e\u0432\u043e\u0441\u0442\u044f\u043c\u0438.<\/p><p data-start=\"232\" data-end=\"272\">\u041c\u044b \u0431\u0443\u0434\u0435\u043c \u0440\u0430\u0434\u044b \u043f\u0440\u0438\u0432\u0435\u0442\u0441\u0442\u0432\u043e\u0432\u0430\u0442\u044c \u0432\u0430\u0441 \u0432 \u0431\u043b\u0438\u0436\u0430\u0439\u0448\u0435\u0435 \u0432\u0440\u0435\u043c\u044f, \u0447\u0442\u043e\u0431\u044b \u0441\u0434\u0435\u043b\u0430\u0442\u044c \u0432\u0430\u0448 \u043e\u0442\u0434\u044b\u0445 \u043d\u0435\u0437\u0430\u0431\u044b\u0432\u0430\u0435\u043c\u044b\u043c.<\/p><p data-start=\"232\" data-end=\"272\"><em><strong>\u041e\u0442\u0435\u043b\u044c \u041b\u0430\u0433\u043e<\/strong><\/em><\/p>\t\t\t\t\t\t\t\t<\/div>\n\t\t\t\t<\/div>\n\t\t\t\t\t<\/div>\n\t\t<\/div>\n\t\t\t\t\t<\/div>\n\t\t<\/section>\n\t\t\t\t<\/div>","protected":false},"excerpt":{"rendered":"<p>Grazie per averci contattato! La sua email \u00e8 stata ricevuta e il nostro team le risponder\u00e0 al pi\u00f9 presto. Nel frattempo, pu\u00f2 esplorare il nostro sito per scoprire i nostri servizi e tutte le novit\u00e0. Ci auguriamo di darle presto il benvenuto per rendere il suo soggiorno un&#8217;esperienza indimenticabile. HOTEL LAGO<\/p>","protected":false},"author":1,"featured_media":0,"parent":0,"menu_order":20,"comment_status":"closed","ping_status":"closed","template":"elementor_header_footer","meta":{"site-sidebar-layout":"no-sidebar","site-content-layout":"page-builder","ast-site-content-layout":"full-width-container","site-content-style":"default","site-sidebar-style":"default","ast-global-header-display":"","ast-banner-title-visibility":"","ast-main-header-display":"","ast-hfb-above-header-display":"","ast-hfb-below-header-display":"","ast-hfb-mobile-header-display":"","site-post-title":"disabled","ast-breadcrumbs-content":"","ast-featured-img":"disabled","footer-sml-layout":"","ast-disable-related-posts":"","theme-transparent-header-meta":"","adv-header-id-meta":"","stick-header-meta":"","header-above-stick-meta":"","header-main-stick-meta":"","header-below-stick-meta":"","astra-migrate-meta-layouts":"set","ast-page-background-enabled":"default","ast-page-background-meta":{"desktop":{"background-color":"","background-image":"","background-repeat":"repeat","background-position":"center center","background-size":"auto","background-attachment":"scroll","background-type":"","background-media":"","overlay-type":"","overlay-color":"","overlay-opacity":"","overlay-gradient":""},"tablet":{"background-color":"","background-image":"","background-repeat":"repeat","background-position":"center center","background-size":"auto","background-attachment":"scroll","background-type":"","background-media":"","overlay-type":"","overlay-color":"","overlay-opacity":"","overlay-gradient":""},"mobile":{"background-color":"","background-image":"","background-repeat":"repeat","background-position":"center center","background-size":"auto","background-attachment":"scroll","background-type":"","background-media":"","overlay-type":"","overlay-color":"","overlay-opacity":"","overlay-gradient":""}},"ast-content-background-meta":{"desktop":{"background-color":"var(--ast-global-color-5)","background-image":"","background-repeat":"repeat","background-position":"center center","background-size":"auto","background-attachment":"scroll","background-type":"","background-media":"","overlay-type":"","overlay-color":"","overlay-opacity":"","overlay-gradient":""},"tablet":{"background-color":"var(--ast-global-color-5)","background-image":"","background-repeat":"repeat","background-position":"center center","background-size":"auto","background-attachment":"scroll","background-type":"","background-media":"","overlay-type":"","overlay-color":"","overlay-opacity":"","overlay-gradient":""},"mobile":{"background-color":"var(--ast-global-color-5)","background-image":"","background-repeat":"repeat","background-position":"center center","background-size":"auto","background-attachment":"scroll","background-type":"","background-media":"","overlay-type":"","overlay-color":"","overlay-opacity":"","overlay-gradient":""}},"footnotes":""},"class_list":["post-2444","page","type-page","status-publish","hentry"],"yoast_head":"<!-- This site is optimized with the Yoast SEO plugin v27.4 - https:\/\/yoast.com\/product\/yoast-seo-wordpress\/ -->\n<title>Conferma di spedizione - Hotel Lago<\/title>\n<meta name=\"robots\" content=\"index, follow, max-snippet:-1, max-image-preview:large, max-video-preview:-1\" \/>\n<link rel=\"canonical\" href=\"https:\/\/hotelago.it\/ru\/conferma-di-spedizione\/\" \/>\n<meta property=\"og:locale\" content=\"ru_RU\" \/>\n<meta property=\"og:type\" content=\"article\" \/>\n<meta property=\"og:title\" content=\"Conferma di spedizione - Hotel Lago\" \/>\n<meta property=\"og:description\" content=\"Grazie per averci contattato! La sua email \u00e8 stata ricevuta e il nostro team le risponder\u00e0 al pi\u00f9 presto. Nel frattempo, pu\u00f2 esplorare il nostro sito per scoprire i nostri servizi e tutte le novit\u00e0. Ci auguriamo di darle presto il benvenuto per rendere il suo soggiorno un&#8217;esperienza indimenticabile. HOTEL LAGO\" \/>\n<meta property=\"og:url\" content=\"https:\/\/hotelago.it\/ru\/conferma-di-spedizione\/\" \/>\n<meta property=\"og:site_name\" content=\"Hotel Lago\" \/>\n<meta property=\"article:publisher\" content=\"https:\/\/www.facebook.com\/hotelagotorno\/\" \/>\n<meta property=\"article:modified_time\" content=\"2025-02-25T22:05:10+00:00\" \/>\n<meta name=\"twitter:card\" content=\"summary_large_image\" \/>\n<meta name=\"twitter:label1\" content=\"\u041f\u0440\u0438\u043c\u0435\u0440\u043d\u043e\u0435 \u0432\u0440\u0435\u043c\u044f \u0434\u043b\u044f \u0447\u0442\u0435\u043d\u0438\u044f\" \/>\n\t<meta name=\"twitter:data1\" content=\"1 \u043c\u0438\u043d\u0443\u0442\u0430\" \/>\n<script type=\"application\/ld+json\" class=\"yoast-schema-graph\">{\"@context\":\"https:\\\/\\\/schema.org\",\"@graph\":[{\"@type\":\"WebPage\",\"@id\":\"https:\\\/\\\/hotelago.it\\\/conferma-di-spedizione\\\/\",\"url\":\"https:\\\/\\\/hotelago.it\\\/conferma-di-spedizione\\\/\",\"name\":\"Conferma di spedizione - Hotel Lago\",\"isPartOf\":{\"@id\":\"https:\\\/\\\/hotelago.it\\\/#website\"},\"datePublished\":\"2025-02-25T21:08:14+00:00\",\"dateModified\":\"2025-02-25T22:05:10+00:00\",\"breadcrumb\":{\"@id\":\"https:\\\/\\\/hotelago.it\\\/conferma-di-spedizione\\\/#breadcrumb\"},\"inLanguage\":\"ru-RU\",\"potentialAction\":[{\"@type\":\"ReadAction\",\"target\":[\"https:\\\/\\\/hotelago.it\\\/conferma-di-spedizione\\\/\"]}]},{\"@type\":\"BreadcrumbList\",\"@id\":\"https:\\\/\\\/hotelago.it\\\/conferma-di-spedizione\\\/#breadcrumb\",\"itemListElement\":[{\"@type\":\"ListItem\",\"position\":1,\"name\":\"Home\",\"item\":\"https:\\\/\\\/hotelago.it\\\/\"},{\"@type\":\"ListItem\",\"position\":2,\"name\":\"Conferma di spedizione\"}]},{\"@type\":\"WebSite\",\"@id\":\"https:\\\/\\\/hotelago.it\\\/#website\",\"url\":\"https:\\\/\\\/hotelago.it\\\/\",\"name\":\"Hotel Lago\",\"description\":\"Torno | Lake Como\",\"publisher\":{\"@id\":\"https:\\\/\\\/hotelago.it\\\/#organization\"},\"potentialAction\":[{\"@type\":\"SearchAction\",\"target\":{\"@type\":\"EntryPoint\",\"urlTemplate\":\"https:\\\/\\\/hotelago.it\\\/?s={search_term_string}\"},\"query-input\":{\"@type\":\"PropertyValueSpecification\",\"valueRequired\":true,\"valueName\":\"search_term_string\"}}],\"inLanguage\":\"ru-RU\"},{\"@type\":\"Organization\",\"@id\":\"https:\\\/\\\/hotelago.it\\\/#organization\",\"name\":\"Hotel Lago\",\"url\":\"https:\\\/\\\/hotelago.it\\\/\",\"logo\":{\"@type\":\"ImageObject\",\"inLanguage\":\"ru-RU\",\"@id\":\"https:\\\/\\\/hotelago.it\\\/#\\\/schema\\\/logo\\\/image\\\/\",\"url\":\"https:\\\/\\\/hotelago.it\\\/wp-content\\\/uploads\\\/hotelago-logo-2-mod2.png\",\"contentUrl\":\"https:\\\/\\\/hotelago.it\\\/wp-content\\\/uploads\\\/hotelago-logo-2-mod2.png\",\"width\":180,\"height\":60,\"caption\":\"Hotel Lago\"},\"image\":{\"@id\":\"https:\\\/\\\/hotelago.it\\\/#\\\/schema\\\/logo\\\/image\\\/\"},\"sameAs\":[\"https:\\\/\\\/www.facebook.com\\\/hotelagotorno\\\/\",\"https:\\\/\\\/www.instagram.com\\\/hotelago\\\/\"]}]}<\/script>\n<!-- \/ Yoast SEO plugin. -->","yoast_head_json":{"title":"Conferma di spedizione - Hotel Lago","robots":{"index":"index","follow":"follow","max-snippet":"max-snippet:-1","max-image-preview":"max-image-preview:large","max-video-preview":"max-video-preview:-1"},"canonical":"https:\/\/hotelago.it\/ru\/conferma-di-spedizione\/","og_locale":"ru_RU","og_type":"article","og_title":"Conferma di spedizione - Hotel Lago","og_description":"Grazie per averci contattato! La sua email \u00e8 stata ricevuta e il nostro team le risponder\u00e0 al pi\u00f9 presto. Nel frattempo, pu\u00f2 esplorare il nostro sito per scoprire i nostri servizi e tutte le novit\u00e0. Ci auguriamo di darle presto il benvenuto per rendere il suo soggiorno un&#8217;esperienza indimenticabile. HOTEL LAGO","og_url":"https:\/\/hotelago.it\/ru\/conferma-di-spedizione\/","og_site_name":"Hotel Lago","article_publisher":"https:\/\/www.facebook.com\/hotelagotorno\/","article_modified_time":"2025-02-25T22:05:10+00:00","twitter_card":"summary_large_image","twitter_misc":{"\u041f\u0440\u0438\u043c\u0435\u0440\u043d\u043e\u0435 \u0432\u0440\u0435\u043c\u044f \u0434\u043b\u044f \u0447\u0442\u0435\u043d\u0438\u044f":"1 \u043c\u0438\u043d\u0443\u0442\u0430"},"schema":{"@context":"https:\/\/schema.org","@graph":[{"@type":"WebPage","@id":"https:\/\/hotelago.it\/conferma-di-spedizione\/","url":"https:\/\/hotelago.it\/conferma-di-spedizione\/","name":"Conferma di spedizione - Hotel Lago","isPartOf":{"@id":"https:\/\/hotelago.it\/#website"},"datePublished":"2025-02-25T21:08:14+00:00","dateModified":"2025-02-25T22:05:10+00:00","breadcrumb":{"@id":"https:\/\/hotelago.it\/conferma-di-spedizione\/#breadcrumb"},"inLanguage":"ru-RU","potentialAction":[{"@type":"ReadAction","target":["https:\/\/hotelago.it\/conferma-di-spedizione\/"]}]},{"@type":"BreadcrumbList","@id":"https:\/\/hotelago.it\/conferma-di-spedizione\/#breadcrumb","itemListElement":[{"@type":"ListItem","position":1,"name":"Home","item":"https:\/\/hotelago.it\/"},{"@type":"ListItem","position":2,"name":"Conferma di spedizione"}]},{"@type":"WebSite","@id":"https:\/\/hotelago.it\/#website","url":"https:\/\/hotelago.it\/","name":"\u041e\u0442\u0435\u043b\u044c \u041b\u0430\u0433\u043e","description":"Torno | Lake Como","publisher":{"@id":"https:\/\/hotelago.it\/#organization"},"potentialAction":[{"@type":"SearchAction","target":{"@type":"EntryPoint","urlTemplate":"https:\/\/hotelago.it\/?s={search_term_string}"},"query-input":{"@type":"PropertyValueSpecification","valueRequired":true,"valueName":"search_term_string"}}],"inLanguage":"ru-RU"},{"@type":"Organization","@id":"https:\/\/hotelago.it\/#organization","name":"\u041e\u0442\u0435\u043b\u044c \u041b\u0430\u0433\u043e","url":"https:\/\/hotelago.it\/","logo":{"@type":"ImageObject","inLanguage":"ru-RU","@id":"https:\/\/hotelago.it\/#\/schema\/logo\/image\/","url":"https:\/\/hotelago.it\/wp-content\/uploads\/hotelago-logo-2-mod2.png","contentUrl":"https:\/\/hotelago.it\/wp-content\/uploads\/hotelago-logo-2-mod2.png","width":180,"height":60,"caption":"Hotel Lago"},"image":{"@id":"https:\/\/hotelago.it\/#\/schema\/logo\/image\/"},"sameAs":["https:\/\/www.facebook.com\/hotelagotorno\/","https:\/\/www.instagram.com\/hotelago\/"]}]}},"_links":{"self":[{"href":"https:\/\/hotelago.it\/ru\/wp-json\/wp\/v2\/pages\/2444","targetHints":{"allow":["GET"]}}],"collection":[{"href":"https:\/\/hotelago.it\/ru\/wp-json\/wp\/v2\/pages"}],"about":[{"href":"https:\/\/hotelago.it\/ru\/wp-json\/wp\/v2\/types\/page"}],"author":[{"embeddable":true,"href":"https:\/\/hotelago.it\/ru\/wp-json\/wp\/v2\/users\/1"}],"replies":[{"embeddable":true,"href":"https:\/\/hotelago.it\/ru\/wp-json\/wp\/v2\/comments?post=2444"}],"version-history":[{"count":0,"href":"https:\/\/hotelago.it\/ru\/wp-json\/wp\/v2\/pages\/2444\/revisions"}],"wp:attachment":[{"href":"https:\/\/hotelago.it\/ru\/wp-json\/wp\/v2\/media?parent=2444"}],"curies":[{"name":"wp","href":"https:\/\/api.w.org\/{rel}","templated":true}]}}